{"id":23,"date":"2021-11-23T14:23:56","date_gmt":"2021-11-23T13:23:56","guid":{"rendered":"https:\/\/www.harleyfreunde-coschuetz.de\/?page_id=23"},"modified":"2021-12-19T18:58:57","modified_gmt":"2021-12-19T17:58:57","slug":"uebernachtung","status":"publish","type":"page","link":"https:\/\/www.harleyfreunde-coschuetz.de\/?page_id=23","title":{"rendered":"\u00dcbernachtung"},"content":{"rendered":"<p>[et_pb_section fb_built=&#8221;1&#8243; _builder_version=&#8221;4.14.1&#8243; _module_preset=&#8221;default&#8221; background_color=&#8221;#000000&#8243; min_height=&#8221;49.8px&#8221; custom_margin=&#8221;||-71px|||&#8221; global_colors_info=&#8221;{}&#8221;][et_pb_row _builder_version=&#8221;4.14.1&#8243; _module_preset=&#8221;default&#8221; global_colors_info=&#8221;{}&#8221;][et_pb_column type=&#8221;4_4&#8243; _builder_version=&#8221;4.14.1&#8243; _module_preset=&#8221;default&#8221; global_colors_info=&#8221;{}&#8221;][et_pb_text _builder_version=&#8221;4.14.1&#8243; _module_preset=&#8221;default&#8221; text_text_color=&#8221;#dd4814&#8243; text_font_size=&#8221;24px&#8221; background_color=&#8221;#000000&#8243; text_orientation=&#8221;center&#8221; custom_padding=&#8221;||3px|||&#8221; hover_enabled=&#8221;0&#8243; global_colors_info=&#8221;{}&#8221; sticky_enabled=&#8221;0&#8243;]<\/p>\n<p>\u00dcBERNACHTUNGEN<\/p>\n<p>[\/et_pb_text][\/et_pb_column][\/et_pb_row][et_pb_row _builder_version=&#8221;4.14.1&#8243; _module_preset=&#8221;default&#8221; global_colors_info=&#8221;{}&#8221; custom_padding=&#8221;0px|||||&#8221;][et_pb_column type=&#8221;4_4&#8243; _builder_version=&#8221;4.14.1&#8243; _module_preset=&#8221;default&#8221; global_colors_info=&#8221;{}&#8221;][et_pb_text _builder_version=&#8221;4.14.1&#8243; _module_preset=&#8221;default&#8221; text_text_color=&#8221;#FFFFFF&#8221; text_font_size=&#8221;15px&#8221; global_colors_info=&#8221;{}&#8221; custom_padding=&#8221;0px|||||&#8221;]<\/p>\n<p>Es besteht die M\u00f6glichkeit, nach Voranmeldung(!) mit Wohnmobil, Wohnanh\u00e4nger oder Zelt in der N\u00e4he des Festgel\u00e4ndes zu \u00fcbernachten. Nehmt mit uns Kontakt auf f\u00fcr Anmeldung oder Ausk\u00fcnfte \u00fcber Kosten und Kapazit\u00e4ten. Eine Auswahl an \u00dcbernachtungsm\u00f6glichkeiten in der Umgebung haben wir euch unten zur Verf\u00fcgung gestellt. Weitere \u00dcbernachtungsm\u00f6glichkeiten findet ihr im Internet.<\/p>\n<p>[\/et_pb_text][\/et_pb_column][\/et_pb_row][\/et_pb_section][et_pb_section fb_built=&#8221;1&#8243; _builder_version=&#8221;4.14.1&#8243; _module_preset=&#8221;default&#8221; background_color=&#8221;#000000&#8243; min_height=&#8221;299.4px&#8221; custom_margin=&#8221;||-126px|||&#8221; global_colors_info=&#8221;{}&#8221;][et_pb_row column_structure=&#8221;1_5,1_5,1_5,1_5,1_5&#8243; _builder_version=&#8221;4.14.1&#8243; _module_preset=&#8221;default&#8221; custom_margin=&#8221;-40px|auto||auto||&#8221; global_colors_info=&#8221;{}&#8221;][et_pb_column type=&#8221;1_5&#8243; _builder_version=&#8221;4.14.1&#8243; _module_preset=&#8221;default&#8221; global_colors_info=&#8221;{}&#8221;][et_pb_text _builder_version=&#8221;4.14.1&#8243; _module_preset=&#8221;default&#8221; global_colors_info=&#8221;{}&#8221;]<\/p>\n<p><span style=\"color: #ffffff;\"><strong>Hotel &#8220;Gr\u00fcner Baum&#8221;\u00a0 \u00a0 \u00a0 \u00a0 \u00a0 \u00a0 \u00a0 \u00a0 \u00a0 \u00a0 \u00a0 \u00a0 \u00a0 \u00a0 \u00a0 \u00a0 \u00a0 <\/strong>Marktplatz 18<\/span><\/p>\n<div><span style=\"color: #ffffff;\">07985 Elsterberg<\/span><\/div>\n<div><span style=\"color: #ffffff;\">Tel.: 036621 20000<\/span><\/div>\n<div><span style=\"color: #ffffff;\">Web.: www.hotel-restaurant-gruenerbaum.de<\/span><\/div>\n<div><\/div>\n<p>[\/et_pb_text][\/et_pb_column][et_pb_column type=&#8221;1_5&#8243; _builder_version=&#8221;4.14.1&#8243; _module_preset=&#8221;default&#8221; global_colors_info=&#8221;{}&#8221;][et_pb_text _builder_version=&#8221;4.14.1&#8243; _module_preset=&#8221;default&#8221; min_height=&#8221;185.6px&#8221; custom_margin=&#8221;||-18px|||&#8221; custom_padding=&#8221;||35px|||&#8221; global_colors_info=&#8221;{}&#8221;]<\/p>\n<div><span style=\"color: #ffffff;\"><strong>Pension &#8220;Pfauenhof&#8221;<\/strong><\/span><\/div>\n<div><span style=\"color: #ffffff;\"><strong><\/strong><\/span><\/div>\n<div><span style=\"color: #ffffff;\"><strong><\/strong><\/span><\/div>\n<div>\n<div><\/div>\n<div><\/div>\n<div><\/div>\n<div><\/div>\n<div><span style=\"color: #ffffff;\">\u00a0 \u00a0 \u00a0 \u00a0 \u00a0 \u00a0 \u00a0 \u00a0 \u00a0 \u00a0 \u00a0 \u00a0 \u00a0 \u00a0 \u00a0 \u00a0 \u00a0 \u00a0 \u00a0 \u00a0 \u00a0 \u00a0 \u00a0\u00a0<\/span><\/div>\n<div><\/div>\n<div><\/div>\n<div><\/div>\n<div><\/div>\n<div><span style=\"color: #ffffff;\">Moschwitzer Stra\u00dfe 23<\/span><\/div>\n<div><span style=\"color: #ffffff;\">07985 Elsterberg<\/span><\/div>\n<div><span style=\"color: #ffffff;\">Tel.: 036621 30677<\/span><\/div>\n<div><span style=\"color: #ffffff;\">Web.: www.hotel-restaurant-gruenerbaum.de<\/span><\/div>\n<\/div>\n<div><\/div>\n<div><\/div>\n<p>[\/et_pb_text][\/et_pb_column][et_pb_column type=&#8221;1_5&#8243; _builder_version=&#8221;4.14.1&#8243; _module_preset=&#8221;default&#8221; global_colors_info=&#8221;{}&#8221;][et_pb_text _builder_version=&#8221;4.14.1&#8243; _module_preset=&#8221;default&#8221; custom_padding=&#8221;||7px|||&#8221; global_colors_info=&#8221;{}&#8221;]<\/p>\n<div><span style=\"color: #ffffff;\"><strong>Pension &#8220;im Vogtland&#8221;\u00a0<\/strong><\/span><\/div>\n<div><span style=\"color: #ffffff;\"><strong><\/strong><\/span><\/div>\n<div><span style=\"color: #ffffff;\">\u00a0<\/span><\/div>\n<div><span style=\"color: #ffffff;\">Cunsdorf 23<\/span><\/div>\n<div><span style=\"color: #ffffff;\">07985 Elsterberg<\/span><\/div>\n<div><span style=\"color: #ffffff;\">Tel.: 036621 30456<\/span><\/div>\n<p>[\/et_pb_text][\/et_pb_column][et_pb_column type=&#8221;1_5&#8243; _builder_version=&#8221;4.14.1&#8243; _module_preset=&#8221;default&#8221; global_colors_info=&#8221;{}&#8221;][et_pb_text _builder_version=&#8221;4.14.1&#8243; _module_preset=&#8221;default&#8221; custom_padding=&#8221;||13px|||&#8221; global_colors_info=&#8221;{}&#8221;]<\/p>\n<div><span style=\"color: #ffffff;\"><strong>Pension &#8220;Elsternest&#8221;<\/strong><\/span><\/div>\n<div><span style=\"color: #ffffff;\">\u00a0<\/span><\/div>\n<div><span style=\"color: #ffffff;\">Greizer Stra\u00dfe 27<\/span><\/div>\n<div><span style=\"color: #ffffff;\">07985 Elsterberg<\/span><\/div>\n<div><span style=\"color: #ffffff;\">Tel.: 036621 24724\u00a0 \u00a0 \u00a0 Web.: www.elsterberg-elsternest.de<\/span><\/div>\n<div><\/div>\n<p>[\/et_pb_text][\/et_pb_column][et_pb_column type=&#8221;1_5&#8243; _builder_version=&#8221;4.14.1&#8243; _module_preset=&#8221;default&#8221; global_colors_info=&#8221;{}&#8221;][et_pb_text _builder_version=&#8221;4.14.1&#8243; _module_preset=&#8221;default&#8221; global_colors_info=&#8221;{}&#8221;]<\/p>\n<div><span style=\"color: #ffffff;\"><strong>Pension &#8220;Waldfrieden&#8221;<\/strong><\/span><\/div>\n<div><span style=\"color: #ffffff;\">\u00a0<\/span><\/div>\n<div><span style=\"color: #ffffff;\">Waldfrieden 1<\/span><\/div>\n<div><span style=\"color: #ffffff;\">07985 Elsterberg<\/span><\/div>\n<div><span style=\"color: #ffffff;\">Tel.: 036621 30481\u00a0 \u00a0 Web.: www.waldfrieden-reisen.de<\/span><\/div>\n<p>[\/et_pb_text][\/et_pb_column][\/et_pb_row][\/et_pb_section][et_pb_section fb_built=&#8221;1&#8243; _builder_version=&#8221;4.14.1&#8243; _module_preset=&#8221;default&#8221; background_color=&#8221;#000000&#8243; min_height=&#8221;265.8px&#8221; global_colors_info=&#8221;{}&#8221;][et_pb_row column_structure=&#8221;1_5,1_5,1_5,1_5,1_5&#8243; _builder_version=&#8221;4.14.1&#8243; _module_preset=&#8221;default&#8221; global_colors_info=&#8221;{}&#8221;][et_pb_column type=&#8221;1_5&#8243; _builder_version=&#8221;4.14.1&#8243; _module_preset=&#8221;default&#8221; global_colors_info=&#8221;{}&#8221;][et_pb_text _builder_version=&#8221;4.14.1&#8243; _module_preset=&#8221;default&#8221; text_text_color=&#8221;#FFFFFF&#8221; global_colors_info=&#8221;{}&#8221;]<\/p>\n<p><strong>Pension Petzold<\/strong><\/p>\n<p>Oekonomenweg 1\u00a0 \u00a0 07973 Greiz\u00a0 \u00a0 \u00a0 \u00a0 \u00a0 \u00a0 \u00a0 \u00a0 \u00a0 Tel.: 036621 24790\u00a0 \u00a0Web.: www.pension-petzold.de<\/p>\n<p>[\/et_pb_text][\/et_pb_column][et_pb_column type=&#8221;1_5&#8243; _builder_version=&#8221;4.14.1&#8243; _module_preset=&#8221;default&#8221; global_colors_info=&#8221;{}&#8221;][\/et_pb_column][et_pb_column type=&#8221;1_5&#8243; _builder_version=&#8221;4.14.1&#8243; _module_preset=&#8221;default&#8221; global_colors_info=&#8221;{}&#8221;][\/et_pb_column][et_pb_column type=&#8221;1_5&#8243; _builder_version=&#8221;4.14.1&#8243; _module_preset=&#8221;default&#8221; global_colors_info=&#8221;{}&#8221;][\/et_pb_column][et_pb_column type=&#8221;1_5&#8243; _builder_version=&#8221;4.14.1&#8243; _module_preset=&#8221;default&#8221; global_colors_info=&#8221;{}&#8221;][\/et_pb_column][\/et_pb_row][\/et_pb_section]<\/p>\n","protected":false},"excerpt":{"rendered":"<p>\u00dcBERNACHTUNGENEs besteht die M\u00f6glichkeit, nach Voranmeldung(!) mit Wohnmobil, Wohnanh\u00e4nger oder Zelt in der N\u00e4he des Festgel\u00e4ndes zu \u00fcbernachten. Nehmt mit uns Kontakt auf f\u00fcr Anmeldung oder Ausk\u00fcnfte \u00fcber Kosten und Kapazit\u00e4ten. Eine Auswahl an \u00dcbernachtungsm\u00f6glichkeiten in der Umgebung haben wir euch unten zur Verf\u00fcgung gestellt. Weitere \u00dcbernachtungsm\u00f6glichkeiten findet ihr im Internet.Hotel &#8220;Gr\u00fcner Baum&#8221;\u00a0 \u00a0 \u00a0 [&hellip;]<\/p>\n","protected":false},"author":1,"featured_media":0,"parent":0,"menu_order":0,"comment_status":"closed","ping_status":"closed","template":"","meta":{"_et_pb_use_builder":"on","_et_pb_old_content":"","_et_gb_content_width":"","footnotes":""},"class_list":["post-23","page","type-page","status-publish","hentry"],"_links":{"self":[{"href":"https:\/\/www.harleyfreunde-coschuetz.de\/index.php?rest_route=\/wp\/v2\/pages\/23","targetHints":{"allow":["GET"]}}],"collection":[{"href":"https:\/\/www.harleyfreunde-coschuetz.de\/index.php?rest_route=\/wp\/v2\/pages"}],"about":[{"href":"https:\/\/www.harleyfreunde-coschuetz.de\/index.php?rest_route=\/wp\/v2\/types\/page"}],"author":[{"embeddable":true,"href":"https:\/\/www.harleyfreunde-coschuetz.de\/index.php?rest_route=\/wp\/v2\/users\/1"}],"replies":[{"embeddable":true,"href":"https:\/\/www.harleyfreunde-coschuetz.de\/index.php?rest_route=%2Fwp%2Fv2%2Fcomments&post=23"}],"version-history":[{"count":13,"href":"https:\/\/www.harleyfreunde-coschuetz.de\/index.php?rest_route=\/wp\/v2\/pages\/23\/revisions"}],"predecessor-version":[{"id":157,"href":"https:\/\/www.harleyfreunde-coschuetz.de\/index.php?rest_route=\/wp\/v2\/pages\/23\/revisions\/157"}],"wp:attachment":[{"href":"https:\/\/www.harleyfreunde-coschuetz.de\/index.php?rest_route=%2Fwp%2Fv2%2Fmedia&parent=23"}],"curies":[{"name":"wp","href":"https:\/\/api.w.org\/{rel}","templated":true}]}}