{"id":12,"date":"2021-11-23T14:15:42","date_gmt":"2021-11-23T13:15:42","guid":{"rendered":"https:\/\/www.harleyfreunde-coschuetz.de\/?page_id=12"},"modified":"2021-12-19T18:58:03","modified_gmt":"2021-12-19T17:58:03","slug":"anfahrt","status":"publish","type":"page","link":"https:\/\/www.harleyfreunde-coschuetz.de\/?page_id=12","title":{"rendered":"Anfahrt"},"content":{"rendered":"<p>[et_pb_section fb_built=&#8221;1&#8243; _builder_version=&#8221;4.14.1&#8243; _module_preset=&#8221;default&#8221; background_color=&#8221;#000000&#8243; global_colors_info=&#8221;{}&#8221;][et_pb_row _builder_version=&#8221;4.14.1&#8243; _module_preset=&#8221;default&#8221; global_colors_info=&#8221;{}&#8221;][et_pb_column type=&#8221;4_4&#8243; _builder_version=&#8221;4.14.1&#8243; _module_preset=&#8221;default&#8221; global_colors_info=&#8221;{}&#8221;][et_pb_blurb title=&#8221;ANFAHRT&#8221; image=&#8221;https:\/\/www.harleyfreunde-coschuetz.de\/wp-content\/uploads\/2021\/11\/Anfahrt-1.png&#8221; _builder_version=&#8221;4.14.1&#8243; _module_preset=&#8221;default&#8221; header_text_color=&#8221;#dd4814&#8243; body_text_color=&#8221;#FFFFFF&#8221; background_color=&#8221;#000000&#8243; hover_enabled=&#8221;0&#8243; global_colors_info=&#8221;{}&#8221; header_font_size=&#8221;26px&#8221; sticky_enabled=&#8221;0&#8243;]<\/p>\n<p>Ort der Veranstaltung ist die kleine Gemeinde Cosch\u00fctz, ein Ortsteil der Stadt Elsterberg. Im Zentrum des Dorfes, zwischen Kulturhaus und Sportplatz, findet ihr den Festplatz mit anliegendem Camping- und Zeltbereich.<\/p>\n<p>Die vollst\u00e4ndige Adresse lautet:<\/p>\n<p>Friedensstra\u00dfe 38, 07985 Elsterberg OT Cosch\u00fctz<\/p>\n<p>[\/et_pb_blurb][\/et_pb_column][\/et_pb_row][\/et_pb_section]<\/p>\n","protected":false},"excerpt":{"rendered":"<p>Ort der Veranstaltung ist die kleine Gemeinde Cosch\u00fctz, ein Ortsteil der Stadt Elsterberg. Im Zentrum des Dorfes, zwischen Kulturhaus und Sportplatz, findet ihr den Festplatz mit anliegendem Camping- und Zeltbereich. Die vollst\u00e4ndige Adresse lautet: Friedensstra\u00dfe 38, 07985 Elsterberg OT Cosch\u00fctz<\/p>\n","protected":false},"author":1,"featured_media":0,"parent":0,"menu_order":0,"comment_status":"closed","ping_status":"closed","template":"","meta":{"_et_pb_use_builder":"on","_et_pb_old_content":"","_et_gb_content_width":"","footnotes":""},"class_list":["post-12","page","type-page","status-publish","hentry"],"_links":{"self":[{"href":"https:\/\/www.harleyfreunde-coschuetz.de\/index.php?rest_route=\/wp\/v2\/pages\/12","targetHints":{"allow":["GET"]}}],"collection":[{"href":"https:\/\/www.harleyfreunde-coschuetz.de\/index.php?rest_route=\/wp\/v2\/pages"}],"about":[{"href":"https:\/\/www.harleyfreunde-coschuetz.de\/index.php?rest_route=\/wp\/v2\/types\/page"}],"author":[{"embeddable":true,"href":"https:\/\/www.harleyfreunde-coschuetz.de\/index.php?rest_route=\/wp\/v2\/users\/1"}],"replies":[{"embeddable":true,"href":"https:\/\/www.harleyfreunde-coschuetz.de\/index.php?rest_route=%2Fwp%2Fv2%2Fcomments&post=12"}],"version-history":[{"count":7,"href":"https:\/\/www.harleyfreunde-coschuetz.de\/index.php?rest_route=\/wp\/v2\/pages\/12\/revisions"}],"predecessor-version":[{"id":156,"href":"https:\/\/www.harleyfreunde-coschuetz.de\/index.php?rest_route=\/wp\/v2\/pages\/12\/revisions\/156"}],"wp:attachment":[{"href":"https:\/\/www.harleyfreunde-coschuetz.de\/index.php?rest_route=%2Fwp%2Fv2%2Fmedia&parent=12"}],"curies":[{"name":"wp","href":"https:\/\/api.w.org\/{rel}","templated":true}]}}